{"id":2219,"date":"2023-04-14T09:11:07","date_gmt":"2023-04-14T09:11:07","guid":{"rendered":"http:\/\/electrik.peacefulqode.com\/?page_id=2219"},"modified":"2023-07-16T15:22:02","modified_gmt":"2023-07-16T15:22:02","slug":"about-us","status":"publish","type":"page","link":"https:\/\/schleifedeu.de\/de\/about-us\/","title":{"rendered":"\u00dcBER UNS"},"content":{"rendered":"<p>\u00dcBER UNS<\/p>\n<h5>Wer sind wir?<\/h5>\n<p>Mit einem vielseitigen Team aus Ingenieuren, Qualit\u00e4tskontrolleuren und Gesch\u00e4ftsleuten haben wir einen der gr\u00f6\u00dften Beton-Ersatzteilanbieter in Deutschland geschaffen. SCHLEIFE ist ein f\u00fchrender Anbieter hochwertiger Ersatzteile f\u00fcr Betonpumpen, einschlie\u00dflich Hydraulikventile, Fernbedienungen, elektrische Teile und mehr. Wir sind bestrebt, unseren Kunden zuverl\u00e4ssige Produkte und au\u00dfergew\u00f6hnlichen Kundenservice zu bieten. Unser Ziel ist es nicht nur, einen Teil des Betonherstellungsprozesses zu reparieren, sondern die gesamte Betonherstellung durch zeitgem\u00e4\u00dfe L\u00f6sungen zu optimieren. <br \/>In kurzer Zeit hat sich SCHLEIFE als Branchenpionier in Deutschland etabliert. Wir haben einen un\u00fcbertroffenen Ruf f\u00fcr Qualit\u00e4t und konnten die meisten Marktanteile bei Betonpumpen, Mischer-Ersatzteilen und anderen Ersatzkomponenten gewinnen. Als wichtiger globaler Akteur erweitern wir st\u00e4ndig unser Produktangebot und m\u00f6chten unsere Dienstleistungen schlie\u00dflich auf den Rest Europas ausdehnen.<\/p>\n<link rel=\"stylesheet\" href=\"http:\/\/localhost\/wordpress\/wp-content\/plugins\/elementor\/assets\/css\/widget-icon-box.min.css\">\n<h5>\n\t\t\t\t\t\tMission<br \/>\n\t\t\t\t<\/h5>\n<p>\n\t\t\t\t\t\tOur mission is to provide an extensive range of international standard spare parts to our customers using the latest industry technology. We ensure quality in all of our operations, from our manufacturing partnerships, to selecting components for import and to the end product received.<br \/>\nOur customers are supported throughout the partnership. We put your satisfaction first and assist regularly to ensure sustainable, start-to-finish process optimization. It is essential for us to maintain a high range of available products to satisfy your company\u2019s needs.<br \/>\nExpansion is key to allowing us to better our services; we seek to consistently grow our product portfolio, thus widening our available Solutions to companies.<br \/>\nAlthough expanding to the broader Europe markets is<br \/>\nambiguous, it will allow us to innovate our processes. Through this, we can further close the gap between manufacturers and developers, providing a wider range of imported supplies worldwide.\n\t\t\t\t\t<\/p>\n<h5>\n\t\t\t\t\t\tVision<br \/>\n\t\t\t\t<\/h5>\n<p>\n\t\t\t\t\t\tUnsere Vision ist es, hochwertige und nachhaltige Beton-Ersatzteile f\u00fcr Betonlieferanten weltweit anzubieten.\t\t\t\t\t<\/p>\n<style>\/*! elementor - v3.14.0 - 26-06-2023 *\/\n.elementor-widget-image{text-align:center}.elementor-widget-image a{display:inline-block}.elementor-widget-image a img[src$=\".svg\"]{width:48px}.elementor-widget-image img{vertical-align:middle;display:inline-block}<\/style>\n<p>\t\t\t\t\t\t\t\t\t\t\t\t<img decoding=\"async\" width=\"2560\" height=\"1709\" src=\"http:\/\/schleifedeu.de\/wp-content\/uploads\/2023\/06\/shutterstock_372597538-scaled.jpg\" alt=\"\" loading=\"lazy\" srcset=\"https:\/\/schleifedeu.de\/wp-content\/uploads\/2023\/06\/shutterstock_372597538-scaled.jpg 2560w, https:\/\/schleifedeu.de\/wp-content\/uploads\/2023\/06\/shutterstock_372597538-300x200.jpg 300w, https:\/\/schleifedeu.de\/wp-content\/uploads\/2023\/06\/shutterstock_372597538-1024x683.jpg 1024w, https:\/\/schleifedeu.de\/wp-content\/uploads\/2023\/06\/shutterstock_372597538-768x513.jpg 768w, https:\/\/schleifedeu.de\/wp-content\/uploads\/2023\/06\/shutterstock_372597538-1536x1025.jpg 1536w, https:\/\/schleifedeu.de\/wp-content\/uploads\/2023\/06\/shutterstock_372597538-2048x1367.jpg 2048w\" sizes=\"auto, (max-width: 2560px) 100vw, 2560px\" \/><\/p>","protected":false},"excerpt":{"rendered":"<p>our about Who We are? With a versatile team composed of engineering, quality control, and business profiles, we have created one of the largest concrete spare parts suppliers in Germany. SCHLEIFE is a leading provider of high-quality spare parts for concrete pumps, including hydraulic valves, remote controls, electrical parts, and more. We are dedicated to [&hellip;]<\/p>","protected":false},"author":1,"featured_media":0,"parent":0,"menu_order":0,"comment_status":"closed","ping_status":"closed","template":"","meta":{"footnotes":""},"class_list":["post-2219","page","type-page","status-publish","hentry"],"acf":[],"_links":{"self":[{"href":"https:\/\/schleifedeu.de\/de\/wp-json\/wp\/v2\/pages\/2219","targetHints":{"allow":["GET"]}}],"collection":[{"href":"https:\/\/schleifedeu.de\/de\/wp-json\/wp\/v2\/pages"}],"about":[{"href":"https:\/\/schleifedeu.de\/de\/wp-json\/wp\/v2\/types\/page"}],"author":[{"embeddable":true,"href":"https:\/\/schleifedeu.de\/de\/wp-json\/wp\/v2\/users\/1"}],"replies":[{"embeddable":true,"href":"https:\/\/schleifedeu.de\/de\/wp-json\/wp\/v2\/comments?post=2219"}],"version-history":[{"count":31,"href":"https:\/\/schleifedeu.de\/de\/wp-json\/wp\/v2\/pages\/2219\/revisions"}],"predecessor-version":[{"id":6649,"href":"https:\/\/schleifedeu.de\/de\/wp-json\/wp\/v2\/pages\/2219\/revisions\/6649"}],"wp:attachment":[{"href":"https:\/\/schleifedeu.de\/de\/wp-json\/wp\/v2\/media?parent=2219"}],"curies":[{"name":"wp","href":"https:\/\/api.w.org\/{rel}","templated":true}]}}