{"id":6297,"date":"2023-06-21T17:33:46","date_gmt":"2023-06-21T17:33:46","guid":{"rendered":"http:\/\/www.schleifedeu.de\/?page_id=6297"},"modified":"2023-07-06T21:51:25","modified_gmt":"2023-07-06T21:51:25","slug":"core-values","status":"publish","type":"page","link":"https:\/\/schleifedeu.de\/de\/core-values\/","title":{"rendered":"Kernwerte"},"content":{"rendered":"<h5>Kernwerte<\/h5>\n<p>Durch integres Handeln, Qualit\u00e4tsanspruch und nachhaltiges Handeln k\u00f6nnen unsere Kunden Ausfallzeiten minimieren und die Produktivit\u00e4t steigern.<\/p>\n<style>\/*! elementor - v3.14.0 - 26-06-2023 *\/\n.elementor-heading-title{padding:0;margin:0;line-height:1}.elementor-widget-heading .elementor-heading-title[class*=elementor-size-]>a{color:inherit;font-size:inherit;line-height:inherit}.elementor-widget-heading .elementor-heading-title.elementor-size-small{font-size:15px}.elementor-widget-heading .elementor-heading-title.elementor-size-medium{font-size:19px}.elementor-widget-heading .elementor-heading-title.elementor-size-large{font-size:29px}.elementor-widget-heading .elementor-heading-title.elementor-size-xl{font-size:39px}.elementor-widget-heading .elementor-heading-title.elementor-size-xxl{font-size:59px}<\/style>\n<h2>EHRLICHKEIT<\/h2>\n<p>Wir haben einen guten Ruf in Deutschland, und Transparenz ist in unsere Gesch\u00e4ftst\u00e4tigkeit eingebettet. Dies bedeutet, dass wir unseren Kunden verschiedene technische L\u00f6sungen anbieten, um eine Prozessoptimierung sicherzustellen. Unsere Kunden werden \u00fcber die Herkunft unserer Produkte informiert und regelm\u00e4\u00dfig \u00fcber alle Prozesse auf dem Laufenden gehalten.<\/p>\n<h2>QUALIT\u00c4T<\/h2>\n<p>Wir sind voll und ganz darauf bedacht, die h\u00f6chste Qualit\u00e4tssicherung in allen unseren Prozessen sicherzustellen. Von der Auswahl der Teile \u00fcber den Import und die Lieferung werden unsere Dienstleistungen an Ihre urspr\u00fcnglichen Anforderungen angepasst, und nach der Lieferung wird eine individuelle Unterst\u00fctzung bereitgestellt.<\/p>\n<h2>NACHHALTIGKEIT<\/h2>\n<p>Nachhaltiges Handeln bedeutet, kontinuierlich an neuen L\u00f6sungen f\u00fcr die Bed\u00fcrfnisse unserer Kunden zu arbeiten und diese jederzeit aufrechtzuerhalten. Um sicherzustellen, dass Ihre Bed\u00fcrfnisse regelm\u00e4\u00dfig erf\u00fcllt werden, bieten wir zuverl\u00e4ssige Unterst\u00fctzung nach dem Verkauf.<\/p>\n<style>\/*! elementor - v3.14.0 - 26-06-2023 *\/\n.elementor-widget-image{text-align:center}.elementor-widget-image a{display:inline-block}.elementor-widget-image a img[src$=\".svg\"]{width:48px}.elementor-widget-image img{vertical-align:middle;display:inline-block}<\/style>\n<p>\t\t\t\t\t\t\t\t\t\t\t\t<img decoding=\"async\" width=\"525\" height=\"350\" src=\"http:\/\/schleifedeu.de\/wp-content\/uploads\/2023\/06\/shutterstock_54752362-1024x683.jpg\" alt=\"\" loading=\"lazy\" srcset=\"https:\/\/schleifedeu.de\/wp-content\/uploads\/2023\/06\/shutterstock_54752362-1024x683.jpg 1024w, https:\/\/schleifedeu.de\/wp-content\/uploads\/2023\/06\/shutterstock_54752362-300x200.jpg 300w, https:\/\/schleifedeu.de\/wp-content\/uploads\/2023\/06\/shutterstock_54752362-768x512.jpg 768w, https:\/\/schleifedeu.de\/wp-content\/uploads\/2023\/06\/shutterstock_54752362-1536x1024.jpg 1536w, https:\/\/schleifedeu.de\/wp-content\/uploads\/2023\/06\/shutterstock_54752362-2048x1365.jpg 2048w\" sizes=\"auto, (max-width: 525px) 100vw, 525px\" \/><\/p>","protected":false},"excerpt":{"rendered":"<p>Core Values By working with integrity, commanding to quality and acting sustainably, our customers can minimize maintenance downtime and increase productivity. HONESTY We have a sound reputation in Egypt and transparency is embedded into our operations. Acting on this means providing our customers with different technical solutions to ensure process optimization. Our customers are kept [&hellip;]<\/p>","protected":false},"author":1,"featured_media":0,"parent":0,"menu_order":0,"comment_status":"closed","ping_status":"closed","template":"","meta":{"footnotes":""},"class_list":["post-6297","page","type-page","status-publish","hentry"],"acf":[],"_links":{"self":[{"href":"https:\/\/schleifedeu.de\/de\/wp-json\/wp\/v2\/pages\/6297","targetHints":{"allow":["GET"]}}],"collection":[{"href":"https:\/\/schleifedeu.de\/de\/wp-json\/wp\/v2\/pages"}],"about":[{"href":"https:\/\/schleifedeu.de\/de\/wp-json\/wp\/v2\/types\/page"}],"author":[{"embeddable":true,"href":"https:\/\/schleifedeu.de\/de\/wp-json\/wp\/v2\/users\/1"}],"replies":[{"embeddable":true,"href":"https:\/\/schleifedeu.de\/de\/wp-json\/wp\/v2\/comments?post=6297"}],"version-history":[{"count":16,"href":"https:\/\/schleifedeu.de\/de\/wp-json\/wp\/v2\/pages\/6297\/revisions"}],"predecessor-version":[{"id":6627,"href":"https:\/\/schleifedeu.de\/de\/wp-json\/wp\/v2\/pages\/6297\/revisions\/6627"}],"wp:attachment":[{"href":"https:\/\/schleifedeu.de\/de\/wp-json\/wp\/v2\/media?parent=6297"}],"curies":[{"name":"wp","href":"https:\/\/api.w.org\/{rel}","templated":true}]}}