{"id":941,"date":"2023-04-11T03:37:23","date_gmt":"2023-04-11T03:37:23","guid":{"rendered":"http:\/\/electrik.peacefulqode.com\/?page_id=941"},"modified":"2023-07-06T21:36:27","modified_gmt":"2023-07-06T21:36:27","slug":"home","status":"publish","type":"page","link":"https:\/\/schleifedeu.de\/de\/","title":{"rendered":"Heim"},"content":{"rendered":"<p>\n\t\t\t<!-- START Home 2 REVOLUTION SLIDER 6.6.12 --><p class=\"rs-p-wp-fix\"><\/p>\n\t\t\t<rs-module-wrap id=\"rev_slider_2_1_wrapper\" data-source=\"gallery\" style=\"visibility:hidden;background:transparent;padding:0;margin:0px auto;margin-top:0;margin-bottom:0;\">\n\t\t\t\t<rs-module id=\"rev_slider_2_1\" style=\"\" data-version=\"6.6.12\">\n\t\t\t\t\t<rs-slides style=\"overflow: hidden; position: absolute;\">\n\t\t\t\t\t\t<rs-slide style=\"position: absolute;\" data-key=\"rs-4\" data-title=\"Slide\" data-anim=\"adpr:false;ms:300;\" data-in=\"o:0;\" data-out=\"a:false;\">\n\t\t\t\t\t\t\t<img decoding=\"async\" src=\"\/\/schleifedeu.de\/wp-content\/plugins\/revslider\/public\/assets\/assets\/dummy.png\" alt=\"Slide\" title=\"Heim\" class=\"rev-slidebg tp-rs-img rs-lazyload\" data-lazyload=\"\/\/schleifedeu.de\/wp-content\/plugins\/revslider\/public\/assets\/assets\/transparent.png\" data-bg=\"c:#15141c;\" data-no-retina>\n<!--\n\t\t\t\t\t\t\t--><rs-layer\n\t\t\t\t\t\t\t\tid=\"slider-2-slide-4-layer-0\" \n\t\t\t\t\t\t\t\tdata-type=\"text\"\n\t\t\t\t\t\t\t\tdata-rsp_ch=\"on\"\n\t\t\t\t\t\t\t\tdata-xy=\"x:l,l,l,c;xo:130px,30px,29px,0;y:m;yo:87px,42px,54px,-109px;\"\n\t\t\t\t\t\t\t\tdata-text=\"w:normal;s:18,16,15,15;l:24,24,22,21;a:left,left,left,center;\"\n\t\t\t\t\t\t\t\tdata-dim=\"w:649px,494px,376px,401px;\"\n\t\t\t\t\t\t\t\tdata-frame_0=\"x:0,0,0,0px;y:50,27,20,19px;\"\n\t\t\t\t\t\t\t\tdata-frame_1=\"x:0,0,0,0px;y:0,0,0,0px;st:700;sp:1000;sR:700;\"\n\t\t\t\t\t\t\t\tdata-frame_999=\"y:50,27,20,19px;o:0;st:w;sp:0;sR:6850;\"\n\t\t\t\t\t\t\t\tstyle=\"z-index:9;font-family:'DM Sans';\"\n\t\t\t\t\t\t\t>Einer der gr\u00f6\u00dften Ersatzteillieferanten f\u00fcr Betonpumpen in Deutschland<br \/>\n\t\t\t\t\t\t\t \n\t\t\t\t\t\t\t<\/rs-layer><!--\n\n\t\t\t\t\t\t\t--><rs-layer\n\t\t\t\t\t\t\t\tid=\"slider-2-slide-4-layer-1\" \n\t\t\t\t\t\t\t\tdata-type=\"image\"\n\t\t\t\t\t\t\t\tdata-rsp_ch=\"on\"\n\t\t\t\t\t\t\t\tdata-xy=\"x:r,r,r,c;xo:-41px,-4px,-75px,-1px;y:b;yo:-137px,-14px,-16px,-122px;\"\n\t\t\t\t\t\t\t\tdata-text=\"w:normal;s:20,10,7,4;l:0,13,9,6;\"\n\t\t\t\t\t\t\t\tdata-dim=\"w:1012px,534px,433px,349px;h:1342px,700px,568px,457px;\"\n\t\t\t\t\t\t\t\tdata-frame_0=\"x:50,27,20,12;\"\n\t\t\t\t\t\t\t\tdata-frame_1=\"st:300;sp:1000;sR:300;\"\n\t\t\t\t\t\t\t\tdata-frame_999=\"x:50,27,20,12;o:0;st:w;sp:0;sR:5900;\"\n\t\t\t\t\t\t\t\tstyle=\"z-index:6;\"\n\t\t\t\t\t\t\t><img decoding=\"async\" src=\"\/\/schleifedeu.de\/wp-content\/plugins\/revslider\/public\/assets\/assets\/dummy.png\" alt=\"\" class=\"tp-rs-img rs-lazyload\" width=\"1931\" height=\"2560\" data-lazyload=\"\/\/schleifedeu.de\/wp-content\/uploads\/2023\/08\/Runway-2023-08-02T16_08_16.546Z-Erase-and-Replace-sky.png\" data-no-retina> \n\t\t\t\t\t\t\t<\/rs-layer><!--\n\n\t\t\t\t\t\t\t--><rs-layer\n\t\t\t\t\t\t\t\tid=\"slider-2-slide-4-layer-3\" \n\t\t\t\t\t\t\t\tdata-type=\"text\"\n\t\t\t\t\t\t\t\tdata-rsp_ch=\"on\"\n\t\t\t\t\t\t\t\tdata-xy=\"x:l,l,l,c;xo:126px,30px,30px,0;y:m;yo:-38px,-61px,-32px,-173px;\"\n\t\t\t\t\t\t\t\tdata-text=\"w:normal;s:50,33,27,23;l:55,43,31,34;fw:600;a:left,left,left,center;\"\n\t\t\t\t\t\t\t\tdata-dim=\"w:711px,495px,374px,496px;\"\n\t\t\t\t\t\t\t\tdata-frame_0=\"x:0,0,0,0px;y:50,27,20,15px;\"\n\t\t\t\t\t\t\t\tdata-frame_1=\"x:-1px,0px,0px,0px;st:480;sp:1000;sR:480;\"\n\t\t\t\t\t\t\t\tdata-frame_999=\"y:50,27,20,15px;o:0;e:none;st:w;sp:0;sR:6260;\"\n\t\t\t\t\t\t\t\tstyle=\"z-index:10;font-family:'Lexend Deca';text-transform:capitalize;\"\n\t\t\t\t\t\t\t>HOCHWERTIGE UND NACHHALTIGE ERSATZTEILE F\u00dcR BETONMASCHINEN\t\t\t\t\t\t \n\t\t\t\t\t\t\t<\/rs-layer><!--\n\n\t\t\t\t\t\t\t--><a\n\t\t\t\t\t\t\t\tid=\"slider-2-slide-4-layer-4\" \n\t\t\t\t\t\t\t\tclass=\"rs-layer rs-button pt-button pt-button-flat pt-white-button  rev-btn\"\n\t\t\t\t\t\t\t\thref=\"https:\/\/schleifedeu.de\/de\/contact-us\/\" target=\"_self\"\n\t\t\t\t\t\t\t\tdata-type=\"button\"\n\t\t\t\t\t\t\t\tdata-rsp_ch=\"on\"\n\t\t\t\t\t\t\t\tdata-xy=\"x:l,l,l,c;xo:129px,30px,29px,0;y:m;yo:143px,130px,122px,-42px;\"\n\t\t\t\t\t\t\t\tdata-text=\"w:normal;s:14,14,14,13;l:28,22,22,24;ls:1px,1px,1px,0px;fw:500;\"\n\t\t\t\t\t\t\t\tdata-dim=\"minh:0px,none,none,none;\"\n\t\t\t\t\t\t\t\tdata-padding=\"t:12,13,14,10;r:26,25,22,20;b:12,13,14,10;l:26,25,22,20;\"\n\t\t\t\t\t\t\t\tdata-frame_0=\"y:50,27,20,12;\"\n\t\t\t\t\t\t\t\tdata-frame_1=\"st:1000;sp:1000;sR:1000;\"\n\t\t\t\t\t\t\t\tdata-frame_999=\"y:50,27,20,12;o:0;st:w;sp:50;sR:6910;\"\n\t\t\t\t\t\t\t\tdata-frame_hover=\"c:#15141c;bgc:#fff;bor:0px,0px,0px,0px;sp:100;e:power1.inOut;bri:100%;\"\n\t\t\t\t\t\t\t\tstyle=\"z-index:8;background-color:#c49648;font-family:'Lexend Deca';text-transform:uppercase;\"\n\t\t\t\t\t\t\t><div class=\"pt-button-block\"><span class=\"pt-button-text\">Kontakt Uns<\/span><i class=\"icon-lightning\"><\/i><\/div> \n\t\t\t\t\t\t\t<\/a><!--\n\n\t\t\t\t\t\t\t--><rs-layer\n\t\t\t\t\t\t\t\tid=\"slider-2-slide-4-layer-5\" \n\t\t\t\t\t\t\t\tdata-type=\"text\"\n\t\t\t\t\t\t\t\tdata-color=\"#c49648\"\n\t\t\t\t\t\t\t\tdata-rsp_ch=\"on\"\n\t\t\t\t\t\t\t\tdata-xy=\"x:l,l,l,c;xo:130px,30px,30px,0;y:m;yo:-156px,-140px,-102px,-229px;\"\n\t\t\t\t\t\t\t\tdata-text=\"w:normal;s:16,16,14,19;l:24,24,22,30;ls:1px,1px,1px,0px;fw:500;\"\n\t\t\t\t\t\t\t\tdata-frame_0=\"x:0,0,0,0px;y:50,27,20,16px;\"\n\t\t\t\t\t\t\t\tdata-frame_1=\"x:0,0,0,0px;y:0,0,0,0px;st:300;sp:1000;sR:300;\"\n\t\t\t\t\t\t\t\tdata-frame_999=\"y:50,27,20,16px;o:0;st:w;sp:0;sR:7700;\"\n\t\t\t\t\t\t\t\tstyle=\"z-index:11;font-family:'Lexend Deca';text-transform:uppercase;\"\n\t\t\t\t\t\t\t>Wir halten Sie auf Trab \n\t\t\t\t\t\t\t<\/rs-layer><!--\n\n\t\t\t\t\t\t\t--><rs-layer\n\t\t\t\t\t\t\t\tid=\"slider-2-slide-4-layer-7\" \n\t\t\t\t\t\t\t\tdata-type=\"image\"\n\t\t\t\t\t\t\t\tdata-rsp_ch=\"on\"\n\t\t\t\t\t\t\t\tdata-xy=\"xo:-22px,-11px,0,-55px;y:t,b,b,b;yo:12px,0,0,98px;\"\n\t\t\t\t\t\t\t\tdata-text=\"w:normal;s:20,10,7,4;l:0,13,9,6;\"\n\t\t\t\t\t\t\t\tdata-dim=\"w:1122px,691px,524px,607px;h:1018px,627px,476px,551px;\"\n\t\t\t\t\t\t\t\tdata-btrans=\"o:0.02;\"\n\t\t\t\t\t\t\t\tdata-frame_0=\"x:50,27,20,12;\"\n\t\t\t\t\t\t\t\tdata-frame_1=\"sp:1000;\"\n\t\t\t\t\t\t\t\tdata-frame_999=\"o:0;st:w;sp:0;sR:7150;\"\n\t\t\t\t\t\t\t\tstyle=\"z-index:7;background-color:#223469;\"\n\t\t\t\t\t\t\t><img decoding=\"async\" src=\"\/\/schleifedeu.de\/wp-content\/plugins\/revslider\/public\/assets\/assets\/dummy.png\" alt=\"\" class=\"tp-rs-img rs-lazyload\" data-lazyload=\"\/\/electrik.peacefulqode.com\/wp-content\/uploads\/2023\/04\/4-2.png\" data-no-retina> \n\t\t\t\t\t\t\t<\/rs-layer><!--\n-->\t\t\t\t\t\t<\/rs-slide>\n\t\t\t\t\t<\/rs-slides>\n\t\t\t\t\t<rs-static-layers><!--\n\t\t\t\t\t--><\/rs-static-layers>\n\t\t\t\t<\/rs-module>\n\t\t\t\t<script>\n\t\t\t\t\tsetREVStartSize({c: 'rev_slider_2_1',rl:[1240,1024,778,480],el:[900,685,550,650],gw:[1880,1024,778,480],gh:[900,685,550,650],type:'standard',justify:'',layout:'fullwidth',mh:\"0\"});if (window.RS_MODULES!==undefined && window.RS_MODULES.modules!==undefined && window.RS_MODULES.modules[\"revslider21\"]!==undefined) {window.RS_MODULES.modules[\"revslider21\"].once = false;window.revapi2 = undefined;if (window.RS_MODULES.checkMinimal!==undefined) window.RS_MODULES.checkMinimal()}\n\t\t\t\t<\/script>\n\t\t\t<\/rs-module-wrap>\n\t\t\t<!-- END REVOLUTION SLIDER -->\n<br \/>\n\t\t\t\u00dcBER UNS<\/p>\n<h5>Ihr Vertrauensw\u00fcrdiger Elektroservice mit Sorgfalt<\/h5>\n<p>With a versatile team composed of engineering, quality control and business<br \/>\nprofiles, we have created one of the largest concrete spare parts supplier in<br \/>\nGermany.<\/p>\n<p>        <a href=\"https:\/\/schleifedeu.de\/de\/about-us\/\"><br \/>\n            Weiterlesen<br \/>\n        <\/a><\/p>\n<style>\/*! elementor - v3.14.0 - 26-06-2023 *\/\n.elementor-widget-divider{--divider-border-style:none;--divider-border-width:1px;--divider-color:#0c0d0e;--divider-icon-size:20px;--divider-element-spacing:10px;--divider-pattern-height:24px;--divider-pattern-size:20px;--divider-pattern-url:none;--divider-pattern-repeat:repeat-x}.elementor-widget-divider .elementor-divider{display:flex}.elementor-widget-divider .elementor-divider__text{font-size:15px;line-height:1;max-width:95%}.elementor-widget-divider .elementor-divider__element{margin:0 var(--divider-element-spacing);flex-shrink:0}.elementor-widget-divider .elementor-icon{font-size:var(--divider-icon-size)}.elementor-widget-divider .elementor-divider-separator{display:flex;margin:0;direction:ltr}.elementor-widget-divider--view-line_icon .elementor-divider-separator,.elementor-widget-divider--view-line_text .elementor-divider-separator{align-items:center}.elementor-widget-divider--view-line_icon .elementor-divider-separator:after,.elementor-widget-divider--view-line_icon .elementor-divider-separator:before,.elementor-widget-divider--view-line_text .elementor-divider-separator:after,.elementor-widget-divider--view-line_text .elementor-divider-separator:before{display:block;content:\"\";border-bottom:0;flex-grow:1;border-top:var(--divider-border-width) var(--divider-border-style) var(--divider-color)}.elementor-widget-divider--element-align-left .elementor-divider .elementor-divider-separator>.elementor-divider__svg:first-of-type{flex-grow:0;flex-shrink:100}.elementor-widget-divider--element-align-left .elementor-divider-separator:before{content:none}.elementor-widget-divider--element-align-left .elementor-divider__element{margin-left:0}.elementor-widget-divider--element-align-right .elementor-divider .elementor-divider-separator>.elementor-divider__svg:last-of-type{flex-grow:0;flex-shrink:100}.elementor-widget-divider--element-align-right .elementor-divider-separator:after{content:none}.elementor-widget-divider--element-align-right .elementor-divider__element{margin-right:0}.elementor-widget-divider:not(.elementor-widget-divider--view-line_text):not(.elementor-widget-divider--view-line_icon) .elementor-divider-separator{border-top:var(--divider-border-width) var(--divider-border-style) var(--divider-color)}.elementor-widget-divider--separator-type-pattern{--divider-border-style:none}.elementor-widget-divider--separator-type-pattern.elementor-widget-divider--view-line .elementor-divider-separator,.elementor-widget-divider--separator-type-pattern:not(.elementor-widget-divider--view-line) .elementor-divider-separator:after,.elementor-widget-divider--separator-type-pattern:not(.elementor-widget-divider--view-line) .elementor-divider-separator:before,.elementor-widget-divider--separator-type-pattern:not([class*=elementor-widget-divider--view]) .elementor-divider-separator{width:100%;min-height:var(--divider-pattern-height);-webkit-mask-size:var(--divider-pattern-size) 100%;mask-size:var(--divider-pattern-size) 100%;-webkit-mask-repeat:var(--divider-pattern-repeat);mask-repeat:var(--divider-pattern-repeat);background-color:var(--divider-color);-webkit-mask-image:var(--divider-pattern-url);mask-image:var(--divider-pattern-url)}.elementor-widget-divider--no-spacing{--divider-pattern-size:auto}.elementor-widget-divider--bg-round{--divider-pattern-repeat:round}.rtl .elementor-widget-divider .elementor-divider__text{direction:rtl}.e-con-inner>.elementor-widget-divider,.e-con>.elementor-widget-divider{width:var(--container-widget-width,100%);--flex-grow:var(--container-widget-flex-grow)}<\/style>\n<h6>24\/7 Vollst\u00e4ndige Unterst\u00fctzung<\/h6>\n<h6> 6 Jahre Erfahrung<\/h6>\n<h6>Branchenpionier in Deutschland<\/h6>\n<p>\t\t\tUNSERE BESTEN MERKMALE<\/p>\n<h5>Warum uns w\u00e4hlen?<\/h5>\n<h4>\n        MISSION<br \/>\n        <\/h4>\n<p> Our mission is to provide an extensive range of international standard spare parts to our customers using the latest industry technology. We ensure quality in all of our operations, from our manufacturing partnerships, to selecting components for import and to the end product received.<br \/>\nOur customers are supported throughout the partnership. We put your satisfaction first and assist regularly to ensure sustainable, start-to-finish process optimization. It is essential for us to maintain a high range of available products to satisfy your company\u2019s needs.<br \/>\nExpansion is key to allowing us to better our services; we seek to consistently grow our product portfolio, thus widening our available Solutions to companies.<br \/>\nAlthough expanding to the broader Europe markets is<br \/>\nambiguous, it will allow us to innovate our processes. Through this, we can further close the gap between manufacturers and developers, providing a wider range of imported supplies worldwide.\n <\/p>\n<h4>\n        VISION<br \/>\n        <\/h4>\n<p> Unsere Vision ist es, hochwertige und nachhaltige Beton-Ersatzteile f\u00fcr Betonlieferanten weltweit anzubieten. <\/p>\n<style>\/*! elementor - v3.14.0 - 26-06-2023 *\/\n.elementor-widget-image{text-align:center}.elementor-widget-image a{display:inline-block}.elementor-widget-image a img[src$=\".svg\"]{width:48px}.elementor-widget-image img{vertical-align:middle;display:inline-block}<\/style>\n<p>\t\t\t\t\t\t\t\t\t\t\t\t<img decoding=\"async\" width=\"1500\" height=\"2000\" src=\"http:\/\/schleifedeu.de\/wp-content\/uploads\/2023\/06\/22.jpg\" alt=\"\" loading=\"lazy\" srcset=\"https:\/\/schleifedeu.de\/wp-content\/uploads\/2023\/06\/22.jpg 1500w, https:\/\/schleifedeu.de\/wp-content\/uploads\/2023\/06\/22-225x300.jpg 225w, https:\/\/schleifedeu.de\/wp-content\/uploads\/2023\/06\/22-768x1024.jpg 768w, https:\/\/schleifedeu.de\/wp-content\/uploads\/2023\/06\/22-1152x1536.jpg 1152w\" sizes=\"auto, (max-width: 1500px) 100vw, 1500px\" \/><br \/>\n\t\t\tKONTAKT<\/p>\n<h5>Rufen Sie uns an<\/h5>\n<p>Wenn Sie Ihr Projekt mit unseren Experten besprechen m\u00f6chten, vereinbaren Sie bitte einen Termin \u00fcber das Kontaktformular, indem Sie auf die Schaltfl\u00e4che \"Kontakt\" klicken.<\/p>\n<p>        <a href=\"https:\/\/schleifedeu.de\/de\/contact-us\/\"><br \/>\n            Kontakt Uns<br \/>\n        <\/a><\/p>\n<h5>Wir importieren internationale Marken<\/h5>\n<p>Die besten Marken der Branche importieren wir selbst, um Ihnen einen angemessenen Preis anbieten zu k\u00f6nnen, und wir halten sie auf Lager.<\/p>\n<p>                                <a ><br \/>\n                                        <img decoding=\"async\" src=\"http:\/\/schleifedeu.de\/wp-content\/uploads\/2023\/04\/1-9.png\" alt=\"pt-client-img\" style=\"height:80px;\"><br \/>\n                      <img decoding=\"async\" src=\"http:\/\/schleifedeu.de\/wp-content\/uploads\/2023\/04\/1-8.png\" alt=\"pt-client-img\" style=\"height:80px;\"><br \/>\n                                    <\/a><br \/>\n                                <a ><br \/>\n                                        <img decoding=\"async\" src=\"http:\/\/schleifedeu.de\/wp-content\/uploads\/2023\/04\/2-3.png\" alt=\"pt-client-img\" style=\"height:80px;\"><br \/>\n                      <img decoding=\"async\" src=\"http:\/\/schleifedeu.de\/wp-content\/uploads\/2023\/04\/2-2-1.png\" alt=\"pt-client-img\" style=\"height:80px;\"><br \/>\n                                    <\/a><br \/>\n                                <a ><br \/>\n                                        <img decoding=\"async\" src=\"http:\/\/schleifedeu.de\/wp-content\/uploads\/2023\/04\/3-5.png\" alt=\"pt-client-img\" style=\"height:80px;\"><br \/>\n                      <img decoding=\"async\" src=\"http:\/\/schleifedeu.de\/wp-content\/uploads\/2023\/04\/3-4.png\" alt=\"pt-client-img\" style=\"height:80px;\"><br \/>\n                                    <\/a><br \/>\n                                <a ><br \/>\n                                        <img decoding=\"async\" src=\"http:\/\/schleifedeu.de\/wp-content\/uploads\/2023\/04\/4-4.png\" alt=\"pt-client-img\" style=\"height:80px;\"><br \/>\n                      <img decoding=\"async\" src=\"http:\/\/schleifedeu.de\/wp-content\/uploads\/2023\/04\/4-3.png\" alt=\"pt-client-img\" style=\"height:80px;\"><br \/>\n                                    <\/a><br \/>\n                                <a ><br \/>\n                                        <img decoding=\"async\" src=\"http:\/\/schleifedeu.de\/wp-content\/uploads\/2023\/04\/5-2-1.png\" alt=\"pt-client-img\" style=\"height:80px;\"><br \/>\n                      <img decoding=\"async\" src=\"http:\/\/schleifedeu.de\/wp-content\/uploads\/2023\/04\/5-1-1.png\" alt=\"pt-client-img\" style=\"height:80px;\"><br \/>\n                                    <\/a><br \/>\n                                <a ><br \/>\n                                        <img decoding=\"async\" src=\"http:\/\/schleifedeu.de\/wp-content\/uploads\/2023\/04\/3-5.png\" alt=\"pt-client-img\" style=\"height:80px;\"><br \/>\n                      <img decoding=\"async\" src=\"http:\/\/schleifedeu.de\/wp-content\/uploads\/2023\/04\/3-4.png\" alt=\"pt-client-img\" style=\"height:80px;\"><br \/>\n                                    <\/a><\/p>\n<style>\/*! elementor - v3.14.0 - 26-06-2023 *\/\n.elementor-column .elementor-spacer-inner{height:var(--spacer-size)}.e-con{--container-widget-width:100%}.e-con-inner>.elementor-widget-spacer,.e-con>.elementor-widget-spacer{width:var(--container-widget-width,var(--spacer-size));--align-self:var(--container-widget-align-self,initial);--flex-shrink:0}.e-con-inner>.elementor-widget-spacer>.elementor-widget-container,.e-con-inner>.elementor-widget-spacer>.elementor-widget-container>.elementor-spacer,.e-con>.elementor-widget-spacer>.elementor-widget-container,.e-con>.elementor-widget-spacer>.elementor-widget-container>.elementor-spacer{height:100%}.e-con-inner>.elementor-widget-spacer>.elementor-widget-container>.elementor-spacer>.elementor-spacer-inner,.e-con>.elementor-widget-spacer>.elementor-widget-container>.elementor-spacer>.elementor-spacer-inner{height:var(--container-widget-height,var(--spacer-size))}<\/style>","protected":false},"excerpt":{"rendered":"<p>about your trusted electrical services with care With a versatile team composed of engineering, quality control and business profiles, we have created one of the largest concrete spare parts supplier in Germany. read more 24\/7 full support 6 years of experience Industry pioneer in Germany OUR BEST FEATURES Why choose us MISSION Our mission is [&hellip;]<\/p>","protected":false},"author":1,"featured_media":0,"parent":0,"menu_order":0,"comment_status":"closed","ping_status":"closed","template":"","meta":{"footnotes":""},"class_list":["post-941","page","type-page","status-publish","hentry"],"acf":[],"_links":{"self":[{"href":"https:\/\/schleifedeu.de\/de\/wp-json\/wp\/v2\/pages\/941","targetHints":{"allow":["GET"]}}],"collection":[{"href":"https:\/\/schleifedeu.de\/de\/wp-json\/wp\/v2\/pages"}],"about":[{"href":"https:\/\/schleifedeu.de\/de\/wp-json\/wp\/v2\/types\/page"}],"author":[{"embeddable":true,"href":"https:\/\/schleifedeu.de\/de\/wp-json\/wp\/v2\/users\/1"}],"replies":[{"embeddable":true,"href":"https:\/\/schleifedeu.de\/de\/wp-json\/wp\/v2\/comments?post=941"}],"version-history":[{"count":127,"href":"https:\/\/schleifedeu.de\/de\/wp-json\/wp\/v2\/pages\/941\/revisions"}],"predecessor-version":[{"id":6655,"href":"https:\/\/schleifedeu.de\/de\/wp-json\/wp\/v2\/pages\/941\/revisions\/6655"}],"wp:attachment":[{"href":"https:\/\/schleifedeu.de\/de\/wp-json\/wp\/v2\/media?parent=941"}],"curies":[{"name":"wp","href":"https:\/\/api.w.org\/{rel}","templated":true}]}}